{"id":10409,"date":"2023-07-09T14:39:28","date_gmt":"2023-07-09T14:39:28","guid":{"rendered":"https:\/\/devsedu.softatomic.com\/?page_id=10409"},"modified":"2024-02-16T00:36:14","modified_gmt":"2024-02-16T00:36:14","slug":"instructor-1","status":"publish","type":"page","link":"https:\/\/salgueroacademy.com\/index.php\/instructor-1\/","title":{"rendered":"Instructor 1"},"content":{"rendered":"\t\t<div data-elementor-type=\"wp-page\" data-elementor-id=\"10409\" class=\"elementor elementor-10409\">\n\t\t\t\t\t\t<section class=\"elementor-section elementor-top-section elementor-element elementor-element-a1422a6 elementor-section-boxed elementor-section-height-default elementor-section-height-default\" data-id=\"a1422a6\" data-element_type=\"section\">\n\t\t\t\t\t\t<div class=\"elementor-container elementor-column-gap-extended\">\n\t\t\t\t\t<div class=\"elementor-column elementor-col-100 elementor-top-column elementor-element elementor-element-9e12756\" data-id=\"9e12756\" data-element_type=\"column\">\n\t\t\t<div class=\"elementor-widget-wrap elementor-element-populated\">\n\t\t\t\t\t\t<div class=\"elementor-element elementor-element-9147540 elementor-widget elementor-widget-edublink-heading\" data-id=\"9147540\" data-element_type=\"widget\" data-widget_type=\"edublink-heading.default\">\n\t\t\t\t<div class=\"elementor-widget-container\">\n\t\t\t\t\t<div class=\"edublink-section-heading\"><span class=\"pre-heading\">INSTRUCTORS<\/span><h3 class=\"heading\">Course Instructors<\/h3><div class=\"title-shape\"><i class=\"icon-19\"><\/i><\/div><\/div>\t\t\t\t<\/div>\n\t\t\t\t<\/div>\n\t\t\t\t<div class=\"elementor-element elementor-element-1a5bc0a elementor-widget elementor-widget-edublink-team\" data-id=\"1a5bc0a\" data-element_type=\"widget\" data-widget_type=\"edublink-team.default\">\n\t\t\t\t<div class=\"elementor-widget-container\">\n\t\t\t\t\t<div class=\"eb-team-wrapper\"><div class=\"eb-team-container eb-team-grid edublink-row\"><div class=\"edublink-team-3-widget edublink-col-lg-6 edublink-col-md-4 edublink-col-sm-6\" data-sal=\"\"><div class=\"edublink-team-item\"><div class=\"thumbnail-wrap\"><div class=\"thumbnail\"><a href=\"https:\/\/salgueroacademy.com\/index.php\/instructor-details\/\"><img decoding=\"async\" src=\"https:\/\/salgueroacademy.com\/wp-content\/uploads\/2024\/02\/abuelo-santiago.png\" alt=\"abuelo santiago\"><\/a><\/div><ul class=\"team-share-info\"><li><a href=\"#\" target=\"_blank\"><i class=\"icon-facebook\"><\/i><\/a><\/li><li><a href=\"#\" target=\"_blank\"><i class=\"icon-twitter\"><\/i><\/a><\/li><li><a href=\"#\" target=\"_blank\"><i class=\"icon-linkedin2\"><\/i><\/a><\/li><\/ul><\/div><div class=\"content\"><h5 class=\"title\"><a href=\"https:\/\/salgueroacademy.com\/index.php\/instructor-details\/\">Santiago Ren\u00e9 Salguero Adames<\/a><\/h5><span class=\"designation\">Mag\u00edster en educaci\u00f3n<\/span><p class=\"description\">Orador experto en educaci\u00f3n, liderazgo y coaching empresarial con m\u00e1s de 45 a\u00f1os de experiencia.\n\n\n\n\n\n\n\n\n\n<\/p><\/div><\/div><\/div><\/div><\/div>\t\t\t\t<\/div>\n\t\t\t\t<\/div>\n\t\t\t\t\t<\/div>\n\t\t<\/div>\n\t\t\t\t\t<\/div>\n\t\t<\/section>\n\t\t\t\t<\/div>\n\t\t","protected":false},"excerpt":{"rendered":"<p>INSTRUCTORS Course Instructors Santiago Ren\u00e9 Salguero Adames Mag\u00edster en educaci\u00f3n Orador experto en educaci\u00f3n, liderazgo y coaching empresarial con m\u00e1s&#8230;<\/p>\n","protected":false},"author":2,"featured_media":0,"parent":0,"menu_order":0,"comment_status":"closed","ping_status":"closed","template":"","meta":{"inline_featured_image":false,"footnotes":""},"_links":{"self":[{"href":"https:\/\/salgueroacademy.com\/index.php\/wp-json\/wp\/v2\/pages\/10409"}],"collection":[{"href":"https:\/\/salgueroacademy.com\/index.php\/wp-json\/wp\/v2\/pages"}],"about":[{"href":"https:\/\/salgueroacademy.com\/index.php\/wp-json\/wp\/v2\/types\/page"}],"author":[{"embeddable":true,"href":"https:\/\/salgueroacademy.com\/index.php\/wp-json\/wp\/v2\/users\/2"}],"replies":[{"embeddable":true,"href":"https:\/\/salgueroacademy.com\/index.php\/wp-json\/wp\/v2\/comments?post=10409"}],"version-history":[{"count":16,"href":"https:\/\/salgueroacademy.com\/index.php\/wp-json\/wp\/v2\/pages\/10409\/revisions"}],"predecessor-version":[{"id":19553,"href":"https:\/\/salgueroacademy.com\/index.php\/wp-json\/wp\/v2\/pages\/10409\/revisions\/19553"}],"wp:attachment":[{"href":"https:\/\/salgueroacademy.com\/index.php\/wp-json\/wp\/v2\/media?parent=10409"}],"curies":[{"name":"wp","href":"https:\/\/api.w.org\/{rel}","templated":true}]}}